{"id":1099,"date":"2026-01-22T18:02:58","date_gmt":"2026-01-22T17:02:58","guid":{"rendered":"https:\/\/www.eichendorffschule-gs-wolfsburg.de\/?page_id=1099"},"modified":"2026-02-24T19:48:59","modified_gmt":"2026-02-24T18:48:59","slug":"schulanfaenger-2027-2028","status":"publish","type":"page","link":"https:\/\/www.eichendorffschule-gs-wolfsburg.de\/index.php\/schulanfaenger-2027-2028\/","title":{"rendered":"Schulanf\u00e4nger 2027\/2028"},"content":{"rendered":"\n<p>Liebe Eltern,<\/p>\n\n\n\n<p>am\u00a0<strong>12.02.2026<\/strong>\u00a0fand um\u00a0<strong>18:00 Uhr<\/strong>\u00a0f\u00fcr die Eltern der Schulanf\u00e4nger 2027\/2028 ein Informationsabend im Musikraum unserer Schule statt, bei dem Sie viele interessante Informationen \u00fcber unsere sch\u00f6ne Eichendorffschule erfahren konnten. <\/p>\n\n\n\n<p><strong>Der Anmeldezeitraum f\u00fcr Ihre Kinder findet vom 04.05.-08.05.2026 statt.<\/strong><\/p>\n\n\n\n<p>Bitte vereinbaren Sie einen Termin f\u00fcr diesen Zeitraum unter 05361\/848849 im Sekretariat, Frau Cornelia Stierl (07:30-11:45 Uhr)<\/p>\n\n\n\n<p>Sie sind herzlich eingeladen!<\/p>\n\n\n\n<p><\/p>\n\n\n\n<p><strong>Katholische Grundschule in Tr\u00e4gerschaft der Stadt Wolfsburg<\/strong><\/p>\n\n\n\n<p>Eine Grundschule nicht nur f\u00fcr katholische Kinder.<\/p>\n\n\n\n<p>Die Eichendorff Grundschule ist eine staatliche Schule in Tr\u00e4gerschaft der Stadt Wolfsburg.<\/p>\n\n\n\n<p>Die Lehrkr\u00e4fte sind Beamtinnen und Beamte oder Angestelltinnen und Angestellte des Landes. Tr\u00e4ger ist die Stadt.<\/p>\n\n\n\n<p>Daher m\u00fcssen Sie an unserer Schule <strong>kein Schulgeld<\/strong> zahlen!<\/p>\n\n\n\n<p>Daneben arbeiten bei uns viele Mitarbeiter des Kooperationspartners (Gesamtverband katholische Kirche) im Ganztagsbereich mit. Wir pflegen gerne unsere enge Kooperation mit den katholischen Kindertagesst\u00e4tten, die ebenfalls unsere Werte verfolgen.<\/p>\n\n\n\n<p>Gemeinsam arbeiten wir gem\u00e4\u00df unserer Werte f\u00fcr Ihre Kinder, damit diese m\u00f6glichst optimal lernen und sich in unserer Schule wohl f\u00fchlen k\u00f6nnen.<\/p>\n\n\n\n<p>Auch andere Religionen sind bei uns herzlich willkommen. Allerdings m\u00fcssen wir mehrheitlich katholische Kinder ber\u00fccksichtigen. Somit sind unsere Schulpl\u00e4tze in der Vergangenheit immer sehr begehrt gewesen.<\/p>\n\n\n\n<p><a href=\"https:\/\/www.eichendorffschule-gs-wolfsburg.de\/wp-content\/uploads\/2024\/09\/Flyer-Eichendorffgrundschule.pdf\" target=\"_blank\" rel=\"noreferrer noopener\">Faltblatt zu allgemeinen Informationen<\/a><\/p>\n\n\n\n<p><a href=\"https:\/\/www.eichendorffschule-gs-wolfsburg.de\/wp-content\/uploads\/2024\/03\/FlyerSeite12024-1-2.pdf\" target=\"_blank\" rel=\"noreferrer noopener\">Offene Ganztagsschule-1<\/a><\/p>\n\n\n\n<p><a rel=\"noreferrer noopener\" href=\"https:\/\/www.eichendorffschule-gs-wolfsburg.de\/wp-content\/uploads\/2022\/11\/Flyer-Seite-2-2022.pdf\" target=\"_blank\">Offene G<\/a>a<a href=\"https:\/\/www.eichendorffschule-gs-wolfsburg.de\/wp-content\/uploads\/2024\/03\/FlyerSeite22024-1.pdf\" target=\"_blank\" rel=\"noreferrer noopener\">nztagsschule-2<\/a><\/p>\n\n\n\n<p><a href=\"https:\/\/www.eichendorffschule-gs-wolfsburg.de\/wp-content\/uploads\/2022\/11\/Early-Bird-Flyer-2022-1-1.pdf\">Early Birds<\/a>    Lesen Sie gerne mehr zu diesem besonderen Projekt unter &#8222;Unsere Schule&#8220;<\/p>\n\n\n\n<h2 class=\"wp-block-heading\"><\/h2>\n\n\n\n<p><\/p>\n","protected":false},"excerpt":{"rendered":"<p>Liebe Eltern, am\u00a012.02.2026\u00a0fand um\u00a018:00 Uhr\u00a0f\u00fcr die Eltern der Schulanf\u00e4nger 2027\/2028 ein Informationsabend im Musikraum unserer Schule statt, bei dem Sie viele interessante Informationen \u00fcber unsere sch\u00f6ne Eichendorffschule erfahren konnten. Der Anmeldezeitraum f\u00fcr Ihre Kinder findet vom 04.05.-08.05.2026 statt. Bitte vereinbaren Sie einen Termin f\u00fcr diesen Zeitraum unter 05361\/848849 im Sekretariat, Frau Cornelia Stierl (07:30-11:45 Uhr) &hellip; <\/p>\n<p class=\"link-more\"><a href=\"https:\/\/www.eichendorffschule-gs-wolfsburg.de\/index.php\/schulanfaenger-2027-2028\/\" class=\"more-link\"><span class=\"screen-reader-text\">\u201eSchulanf\u00e4nger 2027\/2028\u201c <\/span>weiterlesen<\/a><\/p>\n","protected":false},"author":1,"featured_media":0,"parent":0,"menu_order":0,"comment_status":"closed","ping_status":"closed","template":"","meta":{"footnotes":""},"class_list":["post-1099","page","type-page","status-publish","hentry"],"_links":{"self":[{"href":"https:\/\/www.eichendorffschule-gs-wolfsburg.de\/index.php\/wp-json\/wp\/v2\/pages\/1099","targetHints":{"allow":["GET"]}}],"collection":[{"href":"https:\/\/www.eichendorffschule-gs-wolfsburg.de\/index.php\/wp-json\/wp\/v2\/pages"}],"about":[{"href":"https:\/\/www.eichendorffschule-gs-wolfsburg.de\/index.php\/wp-json\/wp\/v2\/types\/page"}],"author":[{"embeddable":true,"href":"https:\/\/www.eichendorffschule-gs-wolfsburg.de\/index.php\/wp-json\/wp\/v2\/users\/1"}],"replies":[{"embeddable":true,"href":"https:\/\/www.eichendorffschule-gs-wolfsburg.de\/index.php\/wp-json\/wp\/v2\/comments?post=1099"}],"version-history":[{"count":12,"href":"https:\/\/www.eichendorffschule-gs-wolfsburg.de\/index.php\/wp-json\/wp\/v2\/pages\/1099\/revisions"}],"predecessor-version":[{"id":1369,"href":"https:\/\/www.eichendorffschule-gs-wolfsburg.de\/index.php\/wp-json\/wp\/v2\/pages\/1099\/revisions\/1369"}],"wp:attachment":[{"href":"https:\/\/www.eichendorffschule-gs-wolfsburg.de\/index.php\/wp-json\/wp\/v2\/media?parent=1099"}],"curies":[{"name":"wp","href":"https:\/\/api.w.org\/{rel}","templated":true}]}}