{"id":1371,"date":"2026-03-05T21:28:09","date_gmt":"2026-03-05T20:28:09","guid":{"rendered":"https:\/\/www.eichendorffschule-gs-wolfsburg.de\/?page_id=1371"},"modified":"2026-04-15T08:33:47","modified_gmt":"2026-04-15T06:33:47","slug":"schulsozialarbeit","status":"publish","type":"page","link":"https:\/\/www.eichendorffschule-gs-wolfsburg.de\/index.php\/schulsozialarbeit\/","title":{"rendered":"Schulsozialarbeit"},"content":{"rendered":"\n<p>Die Schulsozialarbeit ist ein freiwilliges und vertrauensvolles Angebot f\u00fcr Sch\u00fcler*innen, Eltern und Lehrkr\u00e4fte. In gesch\u00fctzten Gespr\u00e4chen nehmen wir uns Zeit f\u00fcr Sorgen, Fragen oder Konflikte. Gemeinsam suchen wir nach L\u00f6sungen und vermitteln bei Bedarf weitere unterst\u00fctzende Angebote. Ob kleine Alltagsprobleme oder gr\u00f6\u00dfere Herausforderungen &#8211; Wir h\u00f6ren zu und begleiten einf\u00fchlsam durch den Schulalltag.<\/p>\n\n\n<div class=\"wp-block-image\">\n<figure class=\"alignleft size-large is-resized\"><img loading=\"lazy\" decoding=\"async\" width=\"768\" height=\"1024\" src=\"https:\/\/www.eichendorffschule-gs-wolfsburg.de\/wp-content\/uploads\/2026\/04\/20260409_102700-768x1024.jpg\" alt=\"\" class=\"wp-image-1394\" style=\"aspect-ratio:0.7499999830206358;width:176px;height:auto\" srcset=\"https:\/\/www.eichendorffschule-gs-wolfsburg.de\/wp-content\/uploads\/2026\/04\/20260409_102700-768x1024.jpg 768w, https:\/\/www.eichendorffschule-gs-wolfsburg.de\/wp-content\/uploads\/2026\/04\/20260409_102700-169x225.jpg 169w, https:\/\/www.eichendorffschule-gs-wolfsburg.de\/wp-content\/uploads\/2026\/04\/20260409_102700-1152x1536.jpg 1152w, https:\/\/www.eichendorffschule-gs-wolfsburg.de\/wp-content\/uploads\/2026\/04\/20260409_102700-1536x2048.jpg 1536w, https:\/\/www.eichendorffschule-gs-wolfsburg.de\/wp-content\/uploads\/2026\/04\/20260409_102700-scaled.jpg 1920w\" sizes=\"auto, (max-width: 768px) 100vw, 768px\" \/><\/figure>\n<\/div>\n\n\n<p>Ein wichtiger Bestandteil unserer Arbeit ist die fr\u00fchzeitige St\u00e4rkung sozialer und pers\u00f6nlicher Kompetenzen. Kinder sollen lernen, ihre Gef\u00fchle bewusst wahrzunehmen, respektvoll miteinander umzugehen und Konflikte konstruktiv zu kl\u00e4ren. Dabei werden sie ermutigt, eigene L\u00f6sungswege zu entwickeln, Verantwortung zu \u00fcbernehmen und Vertrauen in die eigenen F\u00e4higkeiten aufzubauen.<br>Im Bereich der Gewaltpr\u00e4vention gehen die Kinder mit dem Programm \u201eVerhaltenstraining f\u00fcr Schulanf\u00e4nger&#8220; auf eine spannende Schatzsuche. Spielerisch entdecken sie, wie wichtig es ist, Gef\u00fchle ernst zu nehmen, Grenzen zu respektieren und fair miteinander umzugehen.<\/p>\n\n\n<div class=\"wp-block-image\">\n<figure class=\"alignright size-large is-resized\"><img loading=\"lazy\" decoding=\"async\" width=\"999\" height=\"1024\" src=\"https:\/\/www.eichendorffschule-gs-wolfsburg.de\/wp-content\/uploads\/2026\/04\/20260409_102851-1-999x1024.jpg\" alt=\"\" class=\"wp-image-1399\" style=\"aspect-ratio:0.9755862604280053;width:196px;height:auto\" srcset=\"https:\/\/www.eichendorffschule-gs-wolfsburg.de\/wp-content\/uploads\/2026\/04\/20260409_102851-1-999x1024.jpg 999w, https:\/\/www.eichendorffschule-gs-wolfsburg.de\/wp-content\/uploads\/2026\/04\/20260409_102851-1-220x225.jpg 220w, https:\/\/www.eichendorffschule-gs-wolfsburg.de\/wp-content\/uploads\/2026\/04\/20260409_102851-1-768x787.jpg 768w, https:\/\/www.eichendorffschule-gs-wolfsburg.de\/wp-content\/uploads\/2026\/04\/20260409_102851-1-1499x1536.jpg 1499w, https:\/\/www.eichendorffschule-gs-wolfsburg.de\/wp-content\/uploads\/2026\/04\/20260409_102851-1-1999x2048.jpg 1999w\" sizes=\"auto, (max-width: 999px) 100vw, 999px\" \/><\/figure>\n<\/div>\n\n\n<p>Erg\u00e4nzend dazu gibt es die  Streitschlichter*innen, die bei Auseinandersetzungen unterst\u00fctzen, Entspannungspausen zum Auftanken der Energie, eine Spielzeugausleihe zur F\u00f6rderung des Miteinanders sowie eine Vitaminbar mit frischem Obst.<br>So tr\u00e4gt die Schulsozialarbeit dazu bei, dass Schule ein Ort ist, an dem sich Kinder sicher und angenommen f\u00fchlen, ihre Meinung einbringen k\u00f6nnen und in ihrer sozialen wie pers\u00f6nlichen Entwicklung gest\u00e4rkt werden.<\/p>\n\n\n\n<p><br>Bei Fragen oder Anliegen k\u00f6nnen Sie sich jederzeit an Herrn Drevermann oder Frau Martens wenden.<\/p>\n\n\n\n<p>Lara Martens &amp; Nikolai Drevermann<br>Telefon: (0 53 61) \/ 84 88 49\u00a0<strong>oder<\/strong>\u00a001520 \/ 3292720<br>E-Mail: lara.martens@schule-nds.de \/ drevermann.nikolai@schule-nds.de<\/p>\n\n\n\n<p><br><\/p>\n\n\n\n<p><\/p>\n","protected":false},"excerpt":{"rendered":"<p>Die Schulsozialarbeit ist ein freiwilliges und vertrauensvolles Angebot f\u00fcr Sch\u00fcler*innen, Eltern und Lehrkr\u00e4fte. In gesch\u00fctzten Gespr\u00e4chen nehmen wir uns Zeit f\u00fcr Sorgen, Fragen oder Konflikte. Gemeinsam suchen wir nach L\u00f6sungen und vermitteln bei Bedarf weitere unterst\u00fctzende Angebote. Ob kleine Alltagsprobleme oder gr\u00f6\u00dfere Herausforderungen &#8211; Wir h\u00f6ren zu und begleiten einf\u00fchlsam durch den Schulalltag. Ein wichtiger [&hellip;]<\/p>\n","protected":false},"author":1,"featured_media":0,"parent":0,"menu_order":0,"comment_status":"closed","ping_status":"closed","template":"","meta":{"footnotes":""},"class_list":["post-1371","page","type-page","status-publish","hentry"],"_links":{"self":[{"href":"https:\/\/www.eichendorffschule-gs-wolfsburg.de\/index.php\/wp-json\/wp\/v2\/pages\/1371","targetHints":{"allow":["GET"]}}],"collection":[{"href":"https:\/\/www.eichendorffschule-gs-wolfsburg.de\/index.php\/wp-json\/wp\/v2\/pages"}],"about":[{"href":"https:\/\/www.eichendorffschule-gs-wolfsburg.de\/index.php\/wp-json\/wp\/v2\/types\/page"}],"author":[{"embeddable":true,"href":"https:\/\/www.eichendorffschule-gs-wolfsburg.de\/index.php\/wp-json\/wp\/v2\/users\/1"}],"replies":[{"embeddable":true,"href":"https:\/\/www.eichendorffschule-gs-wolfsburg.de\/index.php\/wp-json\/wp\/v2\/comments?post=1371"}],"version-history":[{"count":5,"href":"https:\/\/www.eichendorffschule-gs-wolfsburg.de\/index.php\/wp-json\/wp\/v2\/pages\/1371\/revisions"}],"predecessor-version":[{"id":1425,"href":"https:\/\/www.eichendorffschule-gs-wolfsburg.de\/index.php\/wp-json\/wp\/v2\/pages\/1371\/revisions\/1425"}],"wp:attachment":[{"href":"https:\/\/www.eichendorffschule-gs-wolfsburg.de\/index.php\/wp-json\/wp\/v2\/media?parent=1371"}],"curies":[{"name":"wp","href":"https:\/\/api.w.org\/{rel}","templated":true}]}}