{"id":196,"date":"2018-02-12T22:10:23","date_gmt":"2018-02-12T21:10:23","guid":{"rendered":"http:\/\/www.eichendorffschule-gs-wolfsburg.de\/wordpress2017\/?page_id=196"},"modified":"2026-03-29T21:23:31","modified_gmt":"2026-03-29T19:23:31","slug":"termine-2-schulhalbjahr-20172018","status":"publish","type":"page","link":"https:\/\/www.eichendorffschule-gs-wolfsburg.de\/index.php\/termine-2-schulhalbjahr-20172018\/","title":{"rendered":"Termine"},"content":{"rendered":"\n<p><a href=\"https:\/\/www.eichendorffschule-gs-wolfsburg.de\/wp-content\/uploads\/2026\/03\/Screenshot_20260329_211644_Firefox.jpg\">Termin\u00fcbersicht 2. Halbjahr 2025\/202<\/a>6<\/p>\n\n\n\n<p>Der Informationsabend f\u00fcr die Schulanf\u00e4ngerinnen und Schulanf\u00e4nger f\u00fcr das Schuljahr 2027\/2028 findet am 12.02.2026 um 18:00 Uhr in unserer Schule.<\/p>\n\n\n\n<p>Sie sind herzlich eingeladen! Wir bedanken uns f\u00fcr Ihr Interesse.<\/p>\n\n\n\n<p>Im Sekretariat der Schule (05361\/848849) k\u00f6nnen Sie sich gerne bei Frau Stierl (07:30-11:45 Uhr) einen Termin f\u00fcr die Anmeldephase vom 04.05 &#8211; 08.05.2026 geben lassen.<\/p>\n\n\n\n<p>Wir freuen uns auf Ihre Anmeldung!<\/p>\n\n\n\n<p><\/p>\n\n\n\n<p><strong>Schnuppertag f\u00fcr unsere k\u00fcnftigen Erstkl\u00e4ssler ab 01.08.2026<\/strong><\/p>\n\n\n\n<p> Am 04.06.2026 bieten wir den bei uns zum kommenden Schuljahr angemeldeten Kindern die M\u00f6glichkeit mit den k\u00fcnftigen Lehrerinnen der 1. Klassen in der Eichendorff Grundschule ein wenig zu schnuppern und so schon die Welt der Schule etwas kennenzulernen.<\/p>\n\n\n\n<p>Einzelheiten erfahren Sie hier in K\u00fcrze.<\/p>\n\n\n\n<p>Sportfest am 05.06.2026 (siehe unter Aktuelles)<\/p>\n\n\n\n<p><\/p>\n","protected":false},"excerpt":{"rendered":"<p>Termin\u00fcbersicht 2. Halbjahr 2025\/2026 Der Informationsabend f\u00fcr die Schulanf\u00e4ngerinnen und Schulanf\u00e4nger f\u00fcr das Schuljahr 2027\/2028 findet am 12.02.2026 um 18:00 Uhr in unserer Schule. Sie sind herzlich eingeladen! Wir bedanken uns f\u00fcr Ihr Interesse. Im Sekretariat der Schule (05361\/848849) k\u00f6nnen Sie sich gerne bei Frau Stierl (07:30-11:45 Uhr) einen Termin f\u00fcr die Anmeldephase vom 04.05 &hellip; <\/p>\n<p class=\"link-more\"><a href=\"https:\/\/www.eichendorffschule-gs-wolfsburg.de\/index.php\/termine-2-schulhalbjahr-20172018\/\" class=\"more-link\"><span class=\"screen-reader-text\">\u201eTermine\u201c <\/span>weiterlesen<\/a><\/p>\n","protected":false},"author":1,"featured_media":0,"parent":0,"menu_order":0,"comment_status":"closed","ping_status":"closed","template":"","meta":{"footnotes":""},"class_list":["post-196","page","type-page","status-publish","hentry"],"_links":{"self":[{"href":"https:\/\/www.eichendorffschule-gs-wolfsburg.de\/index.php\/wp-json\/wp\/v2\/pages\/196","targetHints":{"allow":["GET"]}}],"collection":[{"href":"https:\/\/www.eichendorffschule-gs-wolfsburg.de\/index.php\/wp-json\/wp\/v2\/pages"}],"about":[{"href":"https:\/\/www.eichendorffschule-gs-wolfsburg.de\/index.php\/wp-json\/wp\/v2\/types\/page"}],"author":[{"embeddable":true,"href":"https:\/\/www.eichendorffschule-gs-wolfsburg.de\/index.php\/wp-json\/wp\/v2\/users\/1"}],"replies":[{"embeddable":true,"href":"https:\/\/www.eichendorffschule-gs-wolfsburg.de\/index.php\/wp-json\/wp\/v2\/comments?post=196"}],"version-history":[{"count":33,"href":"https:\/\/www.eichendorffschule-gs-wolfsburg.de\/index.php\/wp-json\/wp\/v2\/pages\/196\/revisions"}],"predecessor-version":[{"id":1392,"href":"https:\/\/www.eichendorffschule-gs-wolfsburg.de\/index.php\/wp-json\/wp\/v2\/pages\/196\/revisions\/1392"}],"wp:attachment":[{"href":"https:\/\/www.eichendorffschule-gs-wolfsburg.de\/index.php\/wp-json\/wp\/v2\/media?parent=196"}],"curies":[{"name":"wp","href":"https:\/\/api.w.org\/{rel}","templated":true}]}}