{"id":3,"date":"2017-08-16T15:31:31","date_gmt":"2017-08-16T13:31:31","guid":{"rendered":"http:\/\/www.eichendorffschule-gs-wolfsburg.de\/wordpress2017\/?page_id=3"},"modified":"2026-04-27T09:32:37","modified_gmt":"2026-04-27T07:32:37","slug":"home","status":"publish","type":"page","link":"https:\/\/www.eichendorffschule-gs-wolfsburg.de\/","title":{"rendered":"Grundschule Eichendorff"},"content":{"rendered":"\n<p><\/p>\n\n\n\n<div class=\"wp-block-group is-nowrap is-layout-flex wp-container-core-group-is-layout-ad2f72ca wp-block-group-is-layout-flex\">\n<figure class=\"wp-block-image\"><img decoding=\"async\" src=\"https:\/\/bildungsportal-niedersachsen.de\/index.php?eID=dumpFile&amp;t=p&amp;p=195309&amp;token=781d54bff2d807cc9cccc3e422ade7c916592994\" alt=\"\" title=\"Grafik NDS\/SCP\"\/><\/figure>\n\n\n\n<figure class=\"wp-block-image is-resized\"><a href=\"https:\/\/www.eichendorffschule-gs-wolfsburg.de\/wp-content\/uploads\/2017\/08\/logo-ganztagklein.gif\"><img loading=\"lazy\" decoding=\"async\" width=\"140\" height=\"60\" src=\"https:\/\/www.eichendorffschule-gs-wolfsburg.de\/wp-content\/uploads\/2017\/08\/logo-ganztagklein.gif\" alt=\"\" class=\"wp-image-39\" style=\"aspect-ratio:2.333646322378717;width:289px;height:auto\"\/><\/a><\/figure>\n\n\n\n<figure class=\"wp-block-image\"><img decoding=\"async\" src=\"https:\/\/fit-4-future.de\/layout\/header-logos\/15\/image-thumb__15__header_logo\/fit4future_logo_1a_quer_1@2x.213a69cb.png\" alt=\"Kooperationslogo von fit4future und der DAK-Gesundheit\"\/><\/figure>\n\n\n\n<figure class=\"wp-block-image\"><img loading=\"lazy\" decoding=\"async\" width=\"180\" height=\"160\" src=\"https:\/\/www.eichendorffschule-gs-wolfsburg.de\/wp-content\/uploads\/2026\/04\/Unbenannt.png\" alt=\"\" class=\"wp-image-1459\"\/><\/figure>\n\n\n\n<figure class=\"wp-block-image size-large is-resized\"><img loading=\"lazy\" decoding=\"async\" width=\"1024\" height=\"1024\" src=\"https:\/\/www.eichendorffschule-gs-wolfsburg.de\/wp-content\/uploads\/2026\/04\/IMG_0136-1024x1024.jpeg\" alt=\"\" class=\"wp-image-1592\" style=\"width:172px;height:auto\"\/><\/figure>\n<\/div>\n\n\n\n<p><span class=\"Stil4 Stil5\"><strong> <\/strong><\/span><\/p>\n\n\n\n<p><\/p>\n\n\n\n<p class=\"has-text-align-center has-medium-font-size\" style=\"text-transform:none\"><strong>Herzlich <\/strong><span class=\"Stil4 Stil5\"><strong>Willkommen auf der Homepage der <\/strong><\/span><br><span class=\"Stil4 Stil5\"><strong>Eichendorffschule Wolfsburg <\/strong><\/span><br><span class=\"Stil4 Stil5\"><strong>&#8211; <\/strong><\/span><br><span class=\"Stil4 Stil5\"><strong>Katholische Grundschule<\/strong><\/span><span class=\"Stil4 Stil5\"><\/span><br><br><\/p>\n\n\n\n<p class=\"has-text-align-center has-text-color has-link-color has-medium-font-size wp-elements-7d1502ccfaa94696e384efad26827ba3\" style=\"color:#a81125\"><strong>&#8222;Werte, Wissen, W\u00e4rme &#8211; Zukunft f\u00fcr unsere Kinder&#8220; <\/strong><\/p>\n\n\n\n<p class=\"has-text-align-center has-dark-gray-color has-text-color has-link-color wp-elements-fcc6e4ead2ec503509d6a433e5ac8bbd\">So hei\u00dft unser Motto, welches wir Tag f\u00fcr Tag versuchen umzusetzen.<br><\/p>\n\n\n\n<div class=\"wp-block-group is-nowrap is-layout-flex wp-container-core-group-is-layout-ad2f72ca wp-block-group-is-layout-flex\"><\/div>\n\n\n\n<p><strong>Folgen Sie uns auch auf Instagram um \u00fcber aktuelle Veranstaltungen informiert zu werden:<\/strong><br><a href=\"https:\/\/www.instagram.com\/gs_eichendorffwob\/\">https:\/\/www.instagram.com\/gs_eichendorffwob\/<\/a><\/p>\n\n\n\n<p>Unsere traditionsbewusste Schule liegt mitten im Gr\u00fcnen des Rabenbergs &#8211; Sinnbild der Naturverbundenheit unseres Namenspatrons Joseph von&nbsp; Eichendorff. Als katholische Angebotsschule in st\u00e4dtischer Tr\u00e4gerschaft besuchen uns (nicht nur katholische) Sch\u00fclerinnen und Sch\u00fcler aus allen Stadt- und Ortsteilen, sowie auch aus benachbarten Landkreisen.<\/p>\n\n\n\n<p>Neben dem allgemeinen Bildungsauftrag sind postive Wertevermittlung und religi\u00f6se Erziehung fester Bestandteil unseres Schulprogramms. Der Gemeinschaftsaspekt unserer christlichen Erziehung soll Geborgenheit vermitteln und gleichzeitig zur Leistungsbereitschaft ohne Konkurrenzdenken anspornen. Ein wichtiger Aspekt unserer Schule ist die ganzheitliche Ansprache Ihres Kindes. Als &#8222;Bewegte Schule&#8220;, &#8222;Sportfreundliche Schule&#8220; und Grundschule im Programm &#8222;fit4future&#8220; bieten wir Kindern eine M\u00f6glichkeit, K\u00f6rper und Geist zu fordern.&nbsp;<\/p>\n\n\n\n<p>Der Erstsprachenunterricht in &#8222;Polnisch und Russisch&#8220; wird nachmittags f\u00fcr die Klassen 1 &#8211; 4 angeboten. Der Erstsprachenunterricht &#8222;Italienisch&#8220; wird demn\u00e4chst nach Besetzung der Stelle mit einer neuen Lehrkraft wieder angeboten werden. <br>Im Forderbereich (AG) bieten wir ab der 3. Klasse die weiteren Sprachen &#8222;Spanisch, Franz\u00f6sisch und Englisch&#8220; an.<br>Ein ganz besonderes Angebot f\u00fcr Englisch ist <a href=\"https:\/\/www.eichendorffschule-gs-wolfsburg.de\/index.php\/early-birds\/\">&#8222;Early Birds&#8220;<\/a> als bilinguales Projekt im Fremdsprachenunterricht<\/p>\n\n\n\n<p>Der t\u00e4gliche Einsatz von Bussen sorgt f\u00fcr einen reibungslosen Transport zwischen Wohnort und Schule. Ihr Kind wird in unserer Schule von 08:15 bis 13:00 Uhr unterrichtet und betreut. Als Offene Ganztagsschule bieten wir anschlie\u00dfend t\u00e4glich von 13:00 bis 17:00 Uhr eine Betreuung an.<\/p>\n\n\n\n<p><strong>Elternmitarbeit ist bei uns keine Floskel, sondern Zeichen der Verbundenheit von Schule und Elternhaus.<\/strong><\/p>\n\n\n\n<p>Die individuelle Ansprache und F\u00f6rderung Ihres Kindes ist uns eine Herzensangelegenheit und soll optimal auf die weitere Schullaufbahn nach der Grundschule vorbereiten. <\/p>\n\n\n\n<p><\/p>\n\n\n\n<p>&nbsp;<\/p>\n\n\n\n<p>&nbsp;<\/p>\n","protected":false},"excerpt":{"rendered":"<p>Herzlich Willkommen auf der Homepage der Eichendorffschule Wolfsburg &#8211; Katholische Grundschule &#8222;Werte, Wissen, W\u00e4rme &#8211; Zukunft f\u00fcr unsere Kinder&#8220; So hei\u00dft unser Motto, welches wir Tag f\u00fcr Tag versuchen umzusetzen. Folgen Sie uns auch auf Instagram um \u00fcber aktuelle Veranstaltungen informiert zu werden:https:\/\/www.instagram.com\/gs_eichendorffwob\/ Unsere traditionsbewusste Schule liegt mitten im Gr\u00fcnen des Rabenbergs &#8211; Sinnbild der [&hellip;]<\/p>\n","protected":false},"author":1,"featured_media":0,"parent":0,"menu_order":0,"comment_status":"closed","ping_status":"closed","template":"","meta":{"footnotes":""},"class_list":["post-3","page","type-page","status-publish","hentry"],"_links":{"self":[{"href":"https:\/\/www.eichendorffschule-gs-wolfsburg.de\/index.php\/wp-json\/wp\/v2\/pages\/3","targetHints":{"allow":["GET"]}}],"collection":[{"href":"https:\/\/www.eichendorffschule-gs-wolfsburg.de\/index.php\/wp-json\/wp\/v2\/pages"}],"about":[{"href":"https:\/\/www.eichendorffschule-gs-wolfsburg.de\/index.php\/wp-json\/wp\/v2\/types\/page"}],"author":[{"embeddable":true,"href":"https:\/\/www.eichendorffschule-gs-wolfsburg.de\/index.php\/wp-json\/wp\/v2\/users\/1"}],"replies":[{"embeddable":true,"href":"https:\/\/www.eichendorffschule-gs-wolfsburg.de\/index.php\/wp-json\/wp\/v2\/comments?post=3"}],"version-history":[{"count":60,"href":"https:\/\/www.eichendorffschule-gs-wolfsburg.de\/index.php\/wp-json\/wp\/v2\/pages\/3\/revisions"}],"predecessor-version":[{"id":1598,"href":"https:\/\/www.eichendorffschule-gs-wolfsburg.de\/index.php\/wp-json\/wp\/v2\/pages\/3\/revisions\/1598"}],"wp:attachment":[{"href":"https:\/\/www.eichendorffschule-gs-wolfsburg.de\/index.php\/wp-json\/wp\/v2\/media?parent=3"}],"curies":[{"name":"wp","href":"https:\/\/api.w.org\/{rel}","templated":true}]}}