{"id":65,"date":"2018-01-03T21:30:52","date_gmt":"2018-01-03T20:30:52","guid":{"rendered":"http:\/\/www.eichendorffschule-gs-wolfsburg.de\/wordpress2017\/?page_id=65"},"modified":"2018-01-03T22:08:00","modified_gmt":"2018-01-03T21:08:00","slug":"schulordnung","status":"publish","type":"page","link":"https:\/\/www.eichendorffschule-gs-wolfsburg.de\/index.php\/schulordnung\/","title":{"rendered":"Schulordnung"},"content":{"rendered":"<h1>Unser Weg zur neuen Schulordnung<\/h1>\n<p>Wir haben festgestellt, dass wir immer wieder mit den gleichen Problemen konfrontiert wurden: Sch\u00fcler stritten sich, rannten durch die Beete, warfen ihren M\u00fcll achtlos weg, hatten an der Bushaltestelle und im Bus Auseinandersetzungen.<\/p>\n<p>Wir w\u00fcnschen uns, dass das Zusammenleben von Sch\u00fclern untereinander und das Zusammenleben von Lehrern und Sch\u00fclern weitgehend friedvoll, freundlich und aggressionsfrei verl\u00e4uft.<\/p>\n<p class=\"Stil1\"><span class=\"Stil2\"><span class=\"Stil3\"><span class=\"Stil4\"><span class=\"Stil5\"><strong>Was ist das Besondere an der neuen Schulordnung?<\/strong><br \/>\n<\/span><\/span><\/span><\/span><\/p>\n<ul>\n<li class=\"Stil5\">Sie enth\u00e4lt nur die wichtigsten Regeln.<\/li>\n<li class=\"Stil5\">Diese Regeln sind kurz und f\u00fcr Sch\u00fcler verst\u00e4ndlich formuliert.<\/li>\n<li class=\"Stil5\">F\u00fcr den Fall, dass die Regeln nicht eingehalten werden, steht unter jeder Vereinbarung, wie ein Versto\u00df wiedergutgemacht werden kann.<\/li>\n<li class=\"Stil5\">Die Regeln werden durch entsprechende Bilder erg\u00e4nzt, weil ein Viertel unserer Sch\u00fcler immer Erstkl\u00e4ssler sind, die noch nicht gleich lesen k\u00f6nnen.<\/li>\n<li class=\"Stil5\">Die Regeln werden durch eine positive Identifikationsfigur vermittelt. Das erleichtert es den Sch\u00fclern, die Vereinbarungen anzunehmen.<\/li>\n<li class=\"Stil5\">Diese Regeln werden als H\u00f6rspiel\u00a0(siehe Kapitel &#8222;<a href=\"https:\/\/www.eichendorffschule-gs-wolfsburg.de\/joschistipps.html\">Joschis Tipps<\/a>&#8222;) auf einer CD angeboten, die in jeder Klasse vorhanden ist.<\/li>\n<li class=\"Stil5\"><span class=\"Stil5\">Die Sch\u00fcler\/innen, Eltern und die Schulleitung unterschreiben die Schulordnung und erkennen deren Verbindlichkeit dadurch an. <\/span><\/li>\n<\/ul>\n<p>An der Eichendorffschule spielt die F\u00f6rderung der Streitschlichtung eine besondere Rolle. Deshalb werden kontinuierlich Streitschlichter in den 3. und 4. Klassen ausgebildet. Au\u00dferdem werden in regelm\u00e4\u00dfigen Abst\u00e4nden Selbstbehauptungskurse zum Thema:&#8220;Mut tut gut&#8220; durchgef\u00fchrt.<\/p>\n","protected":false},"excerpt":{"rendered":"<p>Unser Weg zur neuen Schulordnung Wir haben festgestellt, dass wir immer wieder mit den gleichen Problemen konfrontiert wurden: Sch\u00fcler stritten sich, rannten durch die Beete, warfen ihren M\u00fcll achtlos weg, hatten an der Bushaltestelle und im Bus Auseinandersetzungen. Wir w\u00fcnschen uns, dass das Zusammenleben von Sch\u00fclern untereinander und das Zusammenleben von Lehrern und Sch\u00fclern weitgehend [&hellip;]<\/p>\n","protected":false},"author":1,"featured_media":0,"parent":0,"menu_order":0,"comment_status":"closed","ping_status":"closed","template":"","meta":{"footnotes":""},"class_list":["post-65","page","type-page","status-publish","hentry"],"_links":{"self":[{"href":"https:\/\/www.eichendorffschule-gs-wolfsburg.de\/index.php\/wp-json\/wp\/v2\/pages\/65","targetHints":{"allow":["GET"]}}],"collection":[{"href":"https:\/\/www.eichendorffschule-gs-wolfsburg.de\/index.php\/wp-json\/wp\/v2\/pages"}],"about":[{"href":"https:\/\/www.eichendorffschule-gs-wolfsburg.de\/index.php\/wp-json\/wp\/v2\/types\/page"}],"author":[{"embeddable":true,"href":"https:\/\/www.eichendorffschule-gs-wolfsburg.de\/index.php\/wp-json\/wp\/v2\/users\/1"}],"replies":[{"embeddable":true,"href":"https:\/\/www.eichendorffschule-gs-wolfsburg.de\/index.php\/wp-json\/wp\/v2\/comments?post=65"}],"version-history":[{"count":2,"href":"https:\/\/www.eichendorffschule-gs-wolfsburg.de\/index.php\/wp-json\/wp\/v2\/pages\/65\/revisions"}],"predecessor-version":[{"id":160,"href":"https:\/\/www.eichendorffschule-gs-wolfsburg.de\/index.php\/wp-json\/wp\/v2\/pages\/65\/revisions\/160"}],"wp:attachment":[{"href":"https:\/\/www.eichendorffschule-gs-wolfsburg.de\/index.php\/wp-json\/wp\/v2\/media?parent=65"}],"curies":[{"name":"wp","href":"https:\/\/api.w.org\/{rel}","templated":true}]}}