{"id":70,"date":"2018-01-03T21:30:52","date_gmt":"2018-01-03T20:30:52","guid":{"rendered":"http:\/\/www.eichendorffschule-gs-wolfsburg.de\/wordpress2017\/?page_id=70"},"modified":"2026-01-27T10:15:01","modified_gmt":"2026-01-27T09:15:01","slug":"fortbildungskonzept","status":"publish","type":"page","link":"https:\/\/www.eichendorffschule-gs-wolfsburg.de\/index.php\/fortbildungskonzept\/","title":{"rendered":"Fortbildungskonzept"},"content":{"rendered":"\n<h1 class=\"wp-block-heading\"><strong>Unser schuleigenes Fortbildungskonzept<\/strong><\/h1>\n\n\n\n<p>Die Lehrerfortbildung in der Eichendorffschule kann in zwei nebeneinander laufenden Ma\u00dfnahmen beschrieben werden.<\/p>\n\n\n\n<ol class=\"wp-block-list\">\n<li>Die Kollegen\/innen aller Fachrichtungen besuchen je nach Bedarf die Veranstaltungen der regionalen Lehrerfortbildung. Somit sind eine permanente Weiterentwicklung der jeweiligen Unterrichtsinhalte und Unterrichtsgestaltung sowie eine Innovation des Schullebens gew\u00e4hrleistet. Die Kurse werden von einzelnen Kollegen\/innen besucht, die f\u00fcr die jeweiligen Fachrichtungen als Multiplikatoren dienen.<\/li>\n\n\n\n<li>Neben den unter 1 beschriebenen Ma\u00dfnahmen hat sich auch ein schulbezogenes Fortbildungskonzept entwickelt. Hier wird in unterschiedlichen Bereichen kontinuierlich mit festen Arbeitsgruppen sowie Kreisen mit wechselnden Teilnehmern gearbeitet. Bei Bedarf werden auch Fachleute zur Beratung hinzugezogen.<br>F\u00fcr folgende Themenkreise wird an unserer Schule wie oben beschrieben gearbeitet:<br><span class=\"Stil1\"><strong><br>a) Schulinterne Erziehungs- und Bildungsfragen<\/strong><\/span><br><ul><br><li>P\u00e4dagogischer Kreis: Behandlung spezieller erzieherischer und unterrichtsspezifischer Probleme<\/li><br><li>Beratung zur Schullaufbahn der Sch\u00fcler, Einzelfallhilfe, Ansprechpartnerin f\u00fcr Sch\u00fcler, Eltern und Lehrer, Unterst\u00fctzung\/ Moderation der Arbeit im P\u00e4dagogischen Kreis, Durchf\u00fchrung des &#8222;Streit &#8211; Schlichter &#8211; Programms&#8220;<\/li><br><li>Steuergruppe: Erarbeitung des vorliegenden Schulprogramms und dessen st\u00e4ndige Weiterentwicklung<\/li><br><\/ul><br><p><span class=\"Stil1\"><strong>b) Sport<\/strong><\/span><br>&#8222;<strong>Bewegte Schule&#8220;<\/strong> ist ein sich st\u00e4ndig weiter entwickelndes Projekt zur sinnvollen k\u00f6rperlichen Bewegung der Sch\u00fcler\/innen, auch in den Pausen und im Unterricht. Im September 2025 wurde die Schule gerade wieder als <strong>&#8222;Sportfreundliche Schule&#8220;<\/strong> f\u00fcr hervorragende Leistungen und besonderes Engagement in der Bewegungs- und Gesundheitsf\u00f6rderung vom Nieders\u00e4chsischen Kultusministerium und dem Nieders\u00e4chsischen Landessportbund ausgezeichnet. Die Eichendorff Grundschule nimmt am Projekt <strong>&#8222;fit 4 future&#8220;<\/strong> teil. Wir machen Kinder fit f\u00fcr die Zukunft! Ein ganzheitliches Pr\u00e4ventionsprogramm der DAK &#8211; Gesundheit. <strong>Gesund und gl\u00fccklich leben<\/strong> ist das Motto dieser Initiative.<\/p><\/li>\n\n\n\n<li><p><span style=\"font-size: 1rem;\">https:\/\/kids.fit-4-future.de\/<\/span><\/p><span class=\"Stil1\"><strong>c) Umgang mit der Natur<\/strong><\/span><br>Hier wird eng mit der Naturerkundungsstation zusammengearbeitet und im jahreszeitlichen Kanon werden Unterrichtseinheiten durchgef\u00fchrt.<br><span class=\"Stil1\"><strong><br>d) Religion<\/strong><\/span><br>Die religi\u00f6se Erziehung bildet einen Schwerpunkt unseres Schullebens. Die Religionslehrer\/innen beschreiten den Weg der ganzheitlichen Erziehung und besuchen regelm\u00e4\u00dfig Fortbildungsveranstaltungen.<br><span class=\"Stil1\"><strong><br>e) Computeradministration<\/strong><\/span><br>Veranstaltungen von &#8222;n-21&#8220; und Grundlagen f\u00fcr Computerarbeit (Powerpoint) werden regelm\u00e4\u00dfig von Abordnungen besucht. Es ist geplant, das Kollegium hier in Form eines schulinternen Kurses einzuweisen.<br><span class=\"Stil1\"><strong><br>f) Schulinterne Lehrerfortbildung\/Dienstbesprechungen<\/strong><\/span><br>Sie beinhalten unter anderem einen regelm\u00e4\u00dfigen Austausch mit Kindergarten und Hort sowie weiterf\u00fchrenden Schulen hinsichtlich der Optimierung der Zusammenarbeit. Es finden in diesem Rahmen Fortbildungen f\u00fcr das gesamte Kollegium statt, zu denen Fachkr\u00e4fte als Referenten geladen werden. Diese Veranstaltungen bieten Anregungen und Erneuerung zu Unterrichtsmethoden\/ -materialien und allgemeinen schulischen Abl\u00e4ufen.<\/li>\n<\/ol>\n","protected":false},"excerpt":{"rendered":"<p>Unser schuleigenes Fortbildungskonzept Die Lehrerfortbildung in der Eichendorffschule kann in zwei nebeneinander laufenden Ma\u00dfnahmen beschrieben werden.<\/p>\n","protected":false},"author":1,"featured_media":0,"parent":0,"menu_order":0,"comment_status":"closed","ping_status":"closed","template":"","meta":{"footnotes":""},"class_list":["post-70","page","type-page","status-publish","hentry"],"_links":{"self":[{"href":"https:\/\/www.eichendorffschule-gs-wolfsburg.de\/index.php\/wp-json\/wp\/v2\/pages\/70","targetHints":{"allow":["GET"]}}],"collection":[{"href":"https:\/\/www.eichendorffschule-gs-wolfsburg.de\/index.php\/wp-json\/wp\/v2\/pages"}],"about":[{"href":"https:\/\/www.eichendorffschule-gs-wolfsburg.de\/index.php\/wp-json\/wp\/v2\/types\/page"}],"author":[{"embeddable":true,"href":"https:\/\/www.eichendorffschule-gs-wolfsburg.de\/index.php\/wp-json\/wp\/v2\/users\/1"}],"replies":[{"embeddable":true,"href":"https:\/\/www.eichendorffschule-gs-wolfsburg.de\/index.php\/wp-json\/wp\/v2\/comments?post=70"}],"version-history":[{"count":9,"href":"https:\/\/www.eichendorffschule-gs-wolfsburg.de\/index.php\/wp-json\/wp\/v2\/pages\/70\/revisions"}],"predecessor-version":[{"id":1198,"href":"https:\/\/www.eichendorffschule-gs-wolfsburg.de\/index.php\/wp-json\/wp\/v2\/pages\/70\/revisions\/1198"}],"wp:attachment":[{"href":"https:\/\/www.eichendorffschule-gs-wolfsburg.de\/index.php\/wp-json\/wp\/v2\/media?parent=70"}],"curies":[{"name":"wp","href":"https:\/\/api.w.org\/{rel}","templated":true}]}}