{"id":718,"date":"2021-02-03T20:18:21","date_gmt":"2021-02-03T19:18:21","guid":{"rendered":"http:\/\/www.eichendorffschule-gs-wolfsburg.de\/?page_id=718"},"modified":"2026-04-22T08:48:25","modified_gmt":"2026-04-22T06:48:25","slug":"schulanfaenger-2022-2023","status":"publish","type":"page","link":"https:\/\/www.eichendorffschule-gs-wolfsburg.de\/index.php\/schulanfaenger-2022-2023\/","title":{"rendered":"Schulanf\u00e4nger 2026\/2027"},"content":{"rendered":"\n<p><strong>Schnuppertag f\u00fcr unsere k\u00fcnftigen Erstkl\u00e4ssler ab dem Schuljahr 2026\/27<\/strong><\/p>\n\n\n\n<ul class=\"wp-block-list\">\n<li>Am 04.06.2026 bieten wir den bei uns zum kommenden Schuljahr angemeldeten Kindern die M\u00f6glichkeit mit den k\u00fcnftigen Lehrerinnen der 1. Klassen in der Eichendorff Grundschule ein wenig zu schnuppern und so schon die Welt der Schule etwas kennenzulernen.<\/li>\n<\/ul>\n\n\n\n<ul class=\"wp-block-list\">\n<li>Am 11.06.2026 findet um 18:00 Uhr der <strong>Elternabend f\u00fcr die Schulanf\u00e4ngerinnen und Schulanf\u00e4nger 2026\/2027<\/strong> im Musiksaal der Eichendorff Grundschule statt.<br>Wir freuen uns alle Eltern und Sorgeberechtigten begr\u00fc\u00dfen zu d\u00fcrfen.<\/li>\n<\/ul>\n\n\n\n<p>N\u00e4here Informationen erhalten die Eltern und Sorgeberechtigten per Brief.<\/p>\n\n\n\n<p><a href=\"https:\/\/www.eichendorffschule-gs-wolfsburg.de\/wp-content\/uploads\/2024\/09\/Flyer-Eichendorffgrundschule.pdf\" target=\"_blank\" rel=\"noreferrer noopener\">Faltblatt zu allgemeinen Informationen<\/a> <\/p>\n\n\n\n<p><a href=\"https:\/\/www.eichendorffschule-gs-wolfsburg.de\/wp-content\/uploads\/2024\/03\/FlyerSeite12024-1-2.pdf\" target=\"_blank\" rel=\"noreferrer noopener\">Offene Ganztagsschule-1<\/a><\/p>\n\n\n\n<p><a rel=\"noreferrer noopener\" href=\"https:\/\/www.eichendorffschule-gs-wolfsburg.de\/wp-content\/uploads\/2022\/11\/Flyer-Seite-2-2022.pdf\" target=\"_blank\">Offene G<\/a>a<a href=\"https:\/\/www.eichendorffschule-gs-wolfsburg.de\/wp-content\/uploads\/2024\/03\/FlyerSeite22024-1.pdf\" target=\"_blank\" rel=\"noreferrer noopener\">nztagsschule-2<\/a><\/p>\n\n\n\n<p><a href=\"https:\/\/www.eichendorffschule-gs-wolfsburg.de\/wp-content\/uploads\/2022\/11\/Early-Bird-Flyer-2022-1-1.pdf\">Early Birds<\/a><\/p>\n\n\n\n<p><\/p>\n\n\n\n<p><\/p>\n\n\n\n<p><\/p>\n","protected":false},"excerpt":{"rendered":"<p>Schnuppertag f\u00fcr unsere k\u00fcnftigen Erstkl\u00e4ssler ab dem Schuljahr 2026\/27 N\u00e4here Informationen erhalten die Eltern und Sorgeberechtigten per Brief. Faltblatt zu allgemeinen Informationen Offene Ganztagsschule-1 Offene Ganztagsschule-2 Early Birds<\/p>\n","protected":false},"author":1,"featured_media":0,"parent":0,"menu_order":0,"comment_status":"closed","ping_status":"closed","template":"","meta":{"footnotes":""},"class_list":["post-718","page","type-page","status-publish","hentry"],"_links":{"self":[{"href":"https:\/\/www.eichendorffschule-gs-wolfsburg.de\/index.php\/wp-json\/wp\/v2\/pages\/718","targetHints":{"allow":["GET"]}}],"collection":[{"href":"https:\/\/www.eichendorffschule-gs-wolfsburg.de\/index.php\/wp-json\/wp\/v2\/pages"}],"about":[{"href":"https:\/\/www.eichendorffschule-gs-wolfsburg.de\/index.php\/wp-json\/wp\/v2\/types\/page"}],"author":[{"embeddable":true,"href":"https:\/\/www.eichendorffschule-gs-wolfsburg.de\/index.php\/wp-json\/wp\/v2\/users\/1"}],"replies":[{"embeddable":true,"href":"https:\/\/www.eichendorffschule-gs-wolfsburg.de\/index.php\/wp-json\/wp\/v2\/comments?post=718"}],"version-history":[{"count":43,"href":"https:\/\/www.eichendorffschule-gs-wolfsburg.de\/index.php\/wp-json\/wp\/v2\/pages\/718\/revisions"}],"predecessor-version":[{"id":1481,"href":"https:\/\/www.eichendorffschule-gs-wolfsburg.de\/index.php\/wp-json\/wp\/v2\/pages\/718\/revisions\/1481"}],"wp:attachment":[{"href":"https:\/\/www.eichendorffschule-gs-wolfsburg.de\/index.php\/wp-json\/wp\/v2\/media?parent=718"}],"curies":[{"name":"wp","href":"https:\/\/api.w.org\/{rel}","templated":true}]}}